{"id":47,"date":"2025-04-06T11:57:39","date_gmt":"2025-04-06T09:57:39","guid":{"rendered":"https:\/\/la-maison-des-sables.com\/?page_id=47"},"modified":"2025-04-06T21:32:34","modified_gmt":"2025-04-06T19:32:34","slug":"decouvrez-notre-maison-au-coeur-des-sables-dolonne","status":"publish","type":"page","link":"https:\/\/la-maison-des-sables.com\/","title":{"rendered":"D\u00e9couvrez notre maison au c\u0153ur des Sables d&rsquo;Olonne"},"content":{"rendered":"\n<p class=\"has-text-align-center\">R\u00e9servez Votre S\u00e9jour d\u00e8s Aujourd&rsquo;hui<\/p>\n\n\n\n<div class=\"wp-block-query alignfull is-layout-flow wp-block-query-is-layout-flow\"><ul class=\"alignfull wp-block-post-template is-layout-flow wp-block-post-template-is-layout-flow\"><li class=\"wp-block-post post-53 post type-post status-publish format-standard hentry category-non-classe\">\n\n<div class=\"wp-block-group alignfull has-global-padding is-layout-constrained wp-block-group-is-layout-constrained\" style=\"padding-top:var(--wp--preset--spacing--60);padding-bottom:var(--wp--preset--spacing--60)\">\n<figure class=\"wp-block-image size-large\"><img loading=\"lazy\" decoding=\"async\" width=\"1024\" height=\"768\" src=\"https:\/\/la-maison-des-sables.com\/wp-content\/uploads\/2025\/04\/WhatsApp-Image-2025-04-05-a-11.44.24_64b04e0f-1024x768.jpg\" alt=\"\" class=\"wp-image-9\" srcset=\"https:\/\/la-maison-des-sables.com\/wp-content\/uploads\/2025\/04\/WhatsApp-Image-2025-04-05-a-11.44.24_64b04e0f-1024x768.jpg 1024w, https:\/\/la-maison-des-sables.com\/wp-content\/uploads\/2025\/04\/WhatsApp-Image-2025-04-05-a-11.44.24_64b04e0f-300x225.jpg 300w, https:\/\/la-maison-des-sables.com\/wp-content\/uploads\/2025\/04\/WhatsApp-Image-2025-04-05-a-11.44.24_64b04e0f-768x576.jpg 768w, https:\/\/la-maison-des-sables.com\/wp-content\/uploads\/2025\/04\/WhatsApp-Image-2025-04-05-a-11.44.24_64b04e0f-1536x1152.jpg 1536w, https:\/\/la-maison-des-sables.com\/wp-content\/uploads\/2025\/04\/WhatsApp-Image-2025-04-05-a-11.44.24_64b04e0f.jpg 2000w\" sizes=\"auto, (max-width: 1024px) 100vw, 1024px\" \/><\/figure>\n\n\n\n<p><strong>D\u00e9couvrez notre maison, id\u00e9alement situ\u00e9e entre le port et la plage, dans le quartier historique et paisible du \u00ab\u00a0Passage\u00a0\u00bb.<\/strong><\/p>\n\n\n\n<p>\u00c0 seulement 89 secondes \u00e0 pied de la grande plage (120 m\u00e8tres), et \u00e0 proximit\u00e9 de la piscine du Remblai (250 m\u00e8tres) et du port (50 m\u00e8tres), notre emplacement est parfait pour profiter des plaisirs c\u00f4tiers.<\/p>\n\n\n\n<p>Vous trouverez \u00e9galement tous les commerces n\u00e9cessaires \u00e0 quelques pas, y compris les Halles, la piscine, le casino, une sup\u00e9rette et une boulangerie.<\/p>\n\n\n\n<p><strong>Venez vivre des vacances inoubliables dans notre maison !<\/strong><\/p>\n<\/div>\n\n\n\n<h2 class=\"wp-block-heading has-text-align-center\">MAISON 110m\u00b2, \u00e0 100m Grande plage, \u00e0 50m du port<br><br>IDEALE pour 8 PERSONNES <\/h2>\n\n<\/li><\/ul>\n\n\n<div class=\"wp-block-group alignwide has-global-padding is-layout-constrained wp-block-group-is-layout-constrained\">\n<figure class=\"wp-block-image size-large\"><img loading=\"lazy\" decoding=\"async\" width=\"1024\" height=\"768\" src=\"https:\/\/la-maison-des-sables.com\/wp-content\/uploads\/2025\/04\/WhatsApp-Image-2025-04-05-a-11.44.24_99cdb68b-1024x768.jpg\" alt=\"\" class=\"wp-image-13\" srcset=\"https:\/\/la-maison-des-sables.com\/wp-content\/uploads\/2025\/04\/WhatsApp-Image-2025-04-05-a-11.44.24_99cdb68b-1024x768.jpg 1024w, https:\/\/la-maison-des-sables.com\/wp-content\/uploads\/2025\/04\/WhatsApp-Image-2025-04-05-a-11.44.24_99cdb68b-300x225.jpg 300w, https:\/\/la-maison-des-sables.com\/wp-content\/uploads\/2025\/04\/WhatsApp-Image-2025-04-05-a-11.44.24_99cdb68b-768x576.jpg 768w, https:\/\/la-maison-des-sables.com\/wp-content\/uploads\/2025\/04\/WhatsApp-Image-2025-04-05-a-11.44.24_99cdb68b-1536x1152.jpg 1536w, https:\/\/la-maison-des-sables.com\/wp-content\/uploads\/2025\/04\/WhatsApp-Image-2025-04-05-a-11.44.24_99cdb68b.jpg 2000w\" sizes=\"auto, (max-width: 1024px) 100vw, 1024px\" \/><\/figure>\n\n\n\n<figure class=\"wp-block-gallery has-nested-images columns-default is-cropped wp-block-gallery-1 is-layout-flex wp-block-gallery-is-layout-flex\">\n<figure class=\"wp-block-image size-large\"><img loading=\"lazy\" decoding=\"async\" width=\"1024\" height=\"768\" data-id=\"16\" src=\"https:\/\/la-maison-des-sables.com\/wp-content\/uploads\/2025\/04\/WhatsApp-Image-2025-04-05-a-11.44.24_64b04e0f-1-1024x768.jpg\" alt=\"\" class=\"wp-image-16\" srcset=\"https:\/\/la-maison-des-sables.com\/wp-content\/uploads\/2025\/04\/WhatsApp-Image-2025-04-05-a-11.44.24_64b04e0f-1-1024x768.jpg 1024w, https:\/\/la-maison-des-sables.com\/wp-content\/uploads\/2025\/04\/WhatsApp-Image-2025-04-05-a-11.44.24_64b04e0f-1-300x225.jpg 300w, https:\/\/la-maison-des-sables.com\/wp-content\/uploads\/2025\/04\/WhatsApp-Image-2025-04-05-a-11.44.24_64b04e0f-1-768x576.jpg 768w, https:\/\/la-maison-des-sables.com\/wp-content\/uploads\/2025\/04\/WhatsApp-Image-2025-04-05-a-11.44.24_64b04e0f-1-1536x1152.jpg 1536w, https:\/\/la-maison-des-sables.com\/wp-content\/uploads\/2025\/04\/WhatsApp-Image-2025-04-05-a-11.44.24_64b04e0f-1.jpg 2000w\" sizes=\"auto, (max-width: 1024px) 100vw, 1024px\" \/><\/figure>\n\n\n\n<figure class=\"wp-block-image size-large\"><img loading=\"lazy\" decoding=\"async\" width=\"768\" height=\"1024\" data-id=\"23\" src=\"https:\/\/la-maison-des-sables.com\/wp-content\/uploads\/2025\/04\/WhatsApp-Image-2025-04-05-a-11.44.24_95a14d3e-768x1024.jpg\" alt=\"\" class=\"wp-image-23\" srcset=\"https:\/\/la-maison-des-sables.com\/wp-content\/uploads\/2025\/04\/WhatsApp-Image-2025-04-05-a-11.44.24_95a14d3e-768x1024.jpg 768w, https:\/\/la-maison-des-sables.com\/wp-content\/uploads\/2025\/04\/WhatsApp-Image-2025-04-05-a-11.44.24_95a14d3e-225x300.jpg 225w, https:\/\/la-maison-des-sables.com\/wp-content\/uploads\/2025\/04\/WhatsApp-Image-2025-04-05-a-11.44.24_95a14d3e-1152x1536.jpg 1152w, https:\/\/la-maison-des-sables.com\/wp-content\/uploads\/2025\/04\/WhatsApp-Image-2025-04-05-a-11.44.24_95a14d3e.jpg 1500w\" sizes=\"auto, (max-width: 768px) 100vw, 768px\" \/><\/figure>\n\n\n\n<figure class=\"wp-block-image size-large\"><img loading=\"lazy\" decoding=\"async\" width=\"768\" height=\"1024\" data-id=\"25\" src=\"https:\/\/la-maison-des-sables.com\/wp-content\/uploads\/2025\/04\/WhatsApp-Image-2025-04-05-a-11.44.25_a00864ee-768x1024.jpg\" alt=\"\" class=\"wp-image-25\" srcset=\"https:\/\/la-maison-des-sables.com\/wp-content\/uploads\/2025\/04\/WhatsApp-Image-2025-04-05-a-11.44.25_a00864ee-768x1024.jpg 768w, https:\/\/la-maison-des-sables.com\/wp-content\/uploads\/2025\/04\/WhatsApp-Image-2025-04-05-a-11.44.25_a00864ee-225x300.jpg 225w, https:\/\/la-maison-des-sables.com\/wp-content\/uploads\/2025\/04\/WhatsApp-Image-2025-04-05-a-11.44.25_a00864ee-1152x1536.jpg 1152w, https:\/\/la-maison-des-sables.com\/wp-content\/uploads\/2025\/04\/WhatsApp-Image-2025-04-05-a-11.44.25_a00864ee.jpg 1500w\" sizes=\"auto, (max-width: 768px) 100vw, 768px\" \/><\/figure>\n\n\n\n<figure class=\"wp-block-image size-large\"><img loading=\"lazy\" decoding=\"async\" width=\"1024\" height=\"768\" data-id=\"22\" src=\"https:\/\/la-maison-des-sables.com\/wp-content\/uploads\/2025\/04\/WhatsApp-Image-2025-04-05-a-11.47.19_a6fe880c-1024x768.jpg\" alt=\"\" class=\"wp-image-22\" srcset=\"https:\/\/la-maison-des-sables.com\/wp-content\/uploads\/2025\/04\/WhatsApp-Image-2025-04-05-a-11.47.19_a6fe880c-1024x768.jpg 1024w, https:\/\/la-maison-des-sables.com\/wp-content\/uploads\/2025\/04\/WhatsApp-Image-2025-04-05-a-11.47.19_a6fe880c-300x225.jpg 300w, https:\/\/la-maison-des-sables.com\/wp-content\/uploads\/2025\/04\/WhatsApp-Image-2025-04-05-a-11.47.19_a6fe880c-768x576.jpg 768w, https:\/\/la-maison-des-sables.com\/wp-content\/uploads\/2025\/04\/WhatsApp-Image-2025-04-05-a-11.47.19_a6fe880c-1536x1152.jpg 1536w, https:\/\/la-maison-des-sables.com\/wp-content\/uploads\/2025\/04\/WhatsApp-Image-2025-04-05-a-11.47.19_a6fe880c.jpg 2000w\" sizes=\"auto, (max-width: 1024px) 100vw, 1024px\" \/><\/figure>\n\n\n\n<figure class=\"wp-block-image size-large\"><img loading=\"lazy\" decoding=\"async\" width=\"768\" height=\"1024\" data-id=\"14\" src=\"https:\/\/la-maison-des-sables.com\/wp-content\/uploads\/2025\/04\/WhatsApp-Image-2025-04-05-a-13.06.02_357a14fc-768x1024.jpg\" alt=\"\" class=\"wp-image-14\" srcset=\"https:\/\/la-maison-des-sables.com\/wp-content\/uploads\/2025\/04\/WhatsApp-Image-2025-04-05-a-13.06.02_357a14fc-768x1024.jpg 768w, https:\/\/la-maison-des-sables.com\/wp-content\/uploads\/2025\/04\/WhatsApp-Image-2025-04-05-a-13.06.02_357a14fc-225x300.jpg 225w, https:\/\/la-maison-des-sables.com\/wp-content\/uploads\/2025\/04\/WhatsApp-Image-2025-04-05-a-13.06.02_357a14fc-1152x1536.jpg 1152w, https:\/\/la-maison-des-sables.com\/wp-content\/uploads\/2025\/04\/WhatsApp-Image-2025-04-05-a-13.06.02_357a14fc.jpg 1200w\" sizes=\"auto, (max-width: 768px) 100vw, 768px\" \/><\/figure>\n\n\n\n<figure class=\"wp-block-image size-large\"><img loading=\"lazy\" decoding=\"async\" width=\"1024\" height=\"768\" data-id=\"17\" src=\"https:\/\/la-maison-des-sables.com\/wp-content\/uploads\/2025\/04\/WhatsApp-Image-2025-04-05-a-13.06.12_5d8067ef-1024x768.jpg\" alt=\"\" class=\"wp-image-17\" srcset=\"https:\/\/la-maison-des-sables.com\/wp-content\/uploads\/2025\/04\/WhatsApp-Image-2025-04-05-a-13.06.12_5d8067ef-1024x768.jpg 1024w, https:\/\/la-maison-des-sables.com\/wp-content\/uploads\/2025\/04\/WhatsApp-Image-2025-04-05-a-13.06.12_5d8067ef-300x225.jpg 300w, https:\/\/la-maison-des-sables.com\/wp-content\/uploads\/2025\/04\/WhatsApp-Image-2025-04-05-a-13.06.12_5d8067ef-768x576.jpg 768w, https:\/\/la-maison-des-sables.com\/wp-content\/uploads\/2025\/04\/WhatsApp-Image-2025-04-05-a-13.06.12_5d8067ef-1536x1152.jpg 1536w, https:\/\/la-maison-des-sables.com\/wp-content\/uploads\/2025\/04\/WhatsApp-Image-2025-04-05-a-13.06.12_5d8067ef.jpg 1600w\" sizes=\"auto, (max-width: 1024px) 100vw, 1024px\" \/><\/figure>\n\n\n\n<figure class=\"wp-block-image size-large\"><img loading=\"lazy\" decoding=\"async\" width=\"1024\" height=\"768\" data-id=\"19\" src=\"https:\/\/la-maison-des-sables.com\/wp-content\/uploads\/2025\/04\/WhatsApp-Image-2025-04-05-a-20.21.45_851107e9-1024x768.jpg\" alt=\"\" class=\"wp-image-19\" srcset=\"https:\/\/la-maison-des-sables.com\/wp-content\/uploads\/2025\/04\/WhatsApp-Image-2025-04-05-a-20.21.45_851107e9-1024x768.jpg 1024w, https:\/\/la-maison-des-sables.com\/wp-content\/uploads\/2025\/04\/WhatsApp-Image-2025-04-05-a-20.21.45_851107e9-300x225.jpg 300w, https:\/\/la-maison-des-sables.com\/wp-content\/uploads\/2025\/04\/WhatsApp-Image-2025-04-05-a-20.21.45_851107e9-768x576.jpg 768w, https:\/\/la-maison-des-sables.com\/wp-content\/uploads\/2025\/04\/WhatsApp-Image-2025-04-05-a-20.21.45_851107e9-1536x1152.jpg 1536w, https:\/\/la-maison-des-sables.com\/wp-content\/uploads\/2025\/04\/WhatsApp-Image-2025-04-05-a-20.21.45_851107e9.jpg 2000w\" sizes=\"auto, (max-width: 1024px) 100vw, 1024px\" \/><\/figure>\n\n\n\n<figure class=\"wp-block-image size-large\"><img loading=\"lazy\" decoding=\"async\" width=\"1024\" height=\"768\" data-id=\"24\" src=\"https:\/\/la-maison-des-sables.com\/wp-content\/uploads\/2025\/04\/WhatsApp-Image-2025-04-05-a-20.21.45_ca106942-1024x768.jpg\" alt=\"\" class=\"wp-image-24\" srcset=\"https:\/\/la-maison-des-sables.com\/wp-content\/uploads\/2025\/04\/WhatsApp-Image-2025-04-05-a-20.21.45_ca106942-1024x768.jpg 1024w, https:\/\/la-maison-des-sables.com\/wp-content\/uploads\/2025\/04\/WhatsApp-Image-2025-04-05-a-20.21.45_ca106942-300x225.jpg 300w, https:\/\/la-maison-des-sables.com\/wp-content\/uploads\/2025\/04\/WhatsApp-Image-2025-04-05-a-20.21.45_ca106942-768x576.jpg 768w, https:\/\/la-maison-des-sables.com\/wp-content\/uploads\/2025\/04\/WhatsApp-Image-2025-04-05-a-20.21.45_ca106942-1536x1152.jpg 1536w, https:\/\/la-maison-des-sables.com\/wp-content\/uploads\/2025\/04\/WhatsApp-Image-2025-04-05-a-20.21.45_ca106942.jpg 2000w\" sizes=\"auto, (max-width: 1024px) 100vw, 1024px\" \/><\/figure>\n\n\n\n<figure class=\"wp-block-image size-large\"><img loading=\"lazy\" decoding=\"async\" width=\"768\" height=\"1024\" data-id=\"15\" src=\"https:\/\/la-maison-des-sables.com\/wp-content\/uploads\/2025\/04\/WhatsApp-Image-2025-04-06-a-10.55.16_4edc4899-768x1024.jpg\" alt=\"\" class=\"wp-image-15\" srcset=\"https:\/\/la-maison-des-sables.com\/wp-content\/uploads\/2025\/04\/WhatsApp-Image-2025-04-06-a-10.55.16_4edc4899-768x1024.jpg 768w, https:\/\/la-maison-des-sables.com\/wp-content\/uploads\/2025\/04\/WhatsApp-Image-2025-04-06-a-10.55.16_4edc4899-225x300.jpg 225w, https:\/\/la-maison-des-sables.com\/wp-content\/uploads\/2025\/04\/WhatsApp-Image-2025-04-06-a-10.55.16_4edc4899-1152x1536.jpg 1152w, https:\/\/la-maison-des-sables.com\/wp-content\/uploads\/2025\/04\/WhatsApp-Image-2025-04-06-a-10.55.16_4edc4899.jpg 1200w\" sizes=\"auto, (max-width: 768px) 100vw, 768px\" \/><\/figure>\n\n\n\n<figure class=\"wp-block-image size-large\"><img loading=\"lazy\" decoding=\"async\" width=\"1024\" height=\"768\" data-id=\"21\" src=\"https:\/\/la-maison-des-sables.com\/wp-content\/uploads\/2025\/04\/WhatsApp-Image-2025-04-06-a-10.55.17_c9bc3954-1024x768.jpg\" alt=\"\" class=\"wp-image-21\" srcset=\"https:\/\/la-maison-des-sables.com\/wp-content\/uploads\/2025\/04\/WhatsApp-Image-2025-04-06-a-10.55.17_c9bc3954-1024x768.jpg 1024w, https:\/\/la-maison-des-sables.com\/wp-content\/uploads\/2025\/04\/WhatsApp-Image-2025-04-06-a-10.55.17_c9bc3954-300x225.jpg 300w, https:\/\/la-maison-des-sables.com\/wp-content\/uploads\/2025\/04\/WhatsApp-Image-2025-04-06-a-10.55.17_c9bc3954-768x576.jpg 768w, https:\/\/la-maison-des-sables.com\/wp-content\/uploads\/2025\/04\/WhatsApp-Image-2025-04-06-a-10.55.17_c9bc3954-1536x1152.jpg 1536w, https:\/\/la-maison-des-sables.com\/wp-content\/uploads\/2025\/04\/WhatsApp-Image-2025-04-06-a-10.55.17_c9bc3954.jpg 1600w\" sizes=\"auto, (max-width: 1024px) 100vw, 1024px\" \/><\/figure>\n\n\n\n<figure class=\"wp-block-image size-large\"><img loading=\"lazy\" decoding=\"async\" width=\"1024\" height=\"768\" data-id=\"20\" src=\"https:\/\/la-maison-des-sables.com\/wp-content\/uploads\/2025\/04\/WhatsApp-Image-2025-04-06-a-10.55.16_2ba7ee74-1024x768.jpg\" alt=\"\" class=\"wp-image-20\" srcset=\"https:\/\/la-maison-des-sables.com\/wp-content\/uploads\/2025\/04\/WhatsApp-Image-2025-04-06-a-10.55.16_2ba7ee74-1024x768.jpg 1024w, https:\/\/la-maison-des-sables.com\/wp-content\/uploads\/2025\/04\/WhatsApp-Image-2025-04-06-a-10.55.16_2ba7ee74-300x225.jpg 300w, https:\/\/la-maison-des-sables.com\/wp-content\/uploads\/2025\/04\/WhatsApp-Image-2025-04-06-a-10.55.16_2ba7ee74-768x576.jpg 768w, https:\/\/la-maison-des-sables.com\/wp-content\/uploads\/2025\/04\/WhatsApp-Image-2025-04-06-a-10.55.16_2ba7ee74-1536x1152.jpg 1536w, https:\/\/la-maison-des-sables.com\/wp-content\/uploads\/2025\/04\/WhatsApp-Image-2025-04-06-a-10.55.16_2ba7ee74.jpg 1600w\" sizes=\"auto, (max-width: 1024px) 100vw, 1024px\" \/><\/figure>\n\n\n\n<figure class=\"wp-block-image size-large\"><img loading=\"lazy\" decoding=\"async\" width=\"1024\" height=\"768\" data-id=\"18\" src=\"https:\/\/la-maison-des-sables.com\/wp-content\/uploads\/2025\/04\/WhatsApp-Image-2025-04-05-a-20.21.44_2bfb3aab-1024x768.jpg\" alt=\"\" class=\"wp-image-18\" srcset=\"https:\/\/la-maison-des-sables.com\/wp-content\/uploads\/2025\/04\/WhatsApp-Image-2025-04-05-a-20.21.44_2bfb3aab-1024x768.jpg 1024w, https:\/\/la-maison-des-sables.com\/wp-content\/uploads\/2025\/04\/WhatsApp-Image-2025-04-05-a-20.21.44_2bfb3aab-300x225.jpg 300w, https:\/\/la-maison-des-sables.com\/wp-content\/uploads\/2025\/04\/WhatsApp-Image-2025-04-05-a-20.21.44_2bfb3aab-768x576.jpg 768w, https:\/\/la-maison-des-sables.com\/wp-content\/uploads\/2025\/04\/WhatsApp-Image-2025-04-05-a-20.21.44_2bfb3aab-1536x1152.jpg 1536w, https:\/\/la-maison-des-sables.com\/wp-content\/uploads\/2025\/04\/WhatsApp-Image-2025-04-05-a-20.21.44_2bfb3aab.jpg 2048w\" sizes=\"auto, (max-width: 1024px) 100vw, 1024px\" \/><\/figure>\n<\/figure>\n\n\n\n<figure class=\"wp-block-gallery has-nested-images columns-default is-cropped wp-block-gallery-2 is-layout-flex wp-block-gallery-is-layout-flex\">\n<figure class=\"wp-block-image size-large\"><img loading=\"lazy\" decoding=\"async\" width=\"576\" height=\"1024\" data-id=\"32\" src=\"https:\/\/la-maison-des-sables.com\/wp-content\/uploads\/2025\/04\/10-facade-576x1024.jpg\" alt=\"\" class=\"wp-image-32\" srcset=\"https:\/\/la-maison-des-sables.com\/wp-content\/uploads\/2025\/04\/10-facade-576x1024.jpg 576w, https:\/\/la-maison-des-sables.com\/wp-content\/uploads\/2025\/04\/10-facade-169x300.jpg 169w, https:\/\/la-maison-des-sables.com\/wp-content\/uploads\/2025\/04\/10-facade-768x1365.jpg 768w, https:\/\/la-maison-des-sables.com\/wp-content\/uploads\/2025\/04\/10-facade-864x1536.jpg 864w, https:\/\/la-maison-des-sables.com\/wp-content\/uploads\/2025\/04\/10-facade-1152x2048.jpg 1152w, https:\/\/la-maison-des-sables.com\/wp-content\/uploads\/2025\/04\/10-facade-scaled.jpg 1440w\" sizes=\"auto, (max-width: 576px) 100vw, 576px\" \/><\/figure>\n\n\n\n<figure class=\"wp-block-image size-large\"><img loading=\"lazy\" decoding=\"async\" width=\"1024\" height=\"579\" data-id=\"30\" src=\"https:\/\/la-maison-des-sables.com\/wp-content\/uploads\/2025\/04\/le-port-1024x579.jpg\" alt=\"\" class=\"wp-image-30\" srcset=\"https:\/\/la-maison-des-sables.com\/wp-content\/uploads\/2025\/04\/le-port-1024x579.jpg 1024w, https:\/\/la-maison-des-sables.com\/wp-content\/uploads\/2025\/04\/le-port-300x170.jpg 300w, https:\/\/la-maison-des-sables.com\/wp-content\/uploads\/2025\/04\/le-port-768x434.jpg 768w, https:\/\/la-maison-des-sables.com\/wp-content\/uploads\/2025\/04\/le-port-1536x869.jpg 1536w, https:\/\/la-maison-des-sables.com\/wp-content\/uploads\/2025\/04\/le-port-2048x1158.jpg 2048w\" sizes=\"auto, (max-width: 1024px) 100vw, 1024px\" \/><\/figure>\n\n\n\n<figure class=\"wp-block-image size-large\"><img loading=\"lazy\" decoding=\"async\" width=\"1024\" height=\"576\" data-id=\"28\" src=\"https:\/\/la-maison-des-sables.com\/wp-content\/uploads\/2025\/04\/paysage1-1024x576.jpg\" alt=\"\" class=\"wp-image-28\" srcset=\"https:\/\/la-maison-des-sables.com\/wp-content\/uploads\/2025\/04\/paysage1-1024x576.jpg 1024w, https:\/\/la-maison-des-sables.com\/wp-content\/uploads\/2025\/04\/paysage1-300x169.jpg 300w, https:\/\/la-maison-des-sables.com\/wp-content\/uploads\/2025\/04\/paysage1-768x432.jpg 768w, https:\/\/la-maison-des-sables.com\/wp-content\/uploads\/2025\/04\/paysage1-1536x864.jpg 1536w, https:\/\/la-maison-des-sables.com\/wp-content\/uploads\/2025\/04\/paysage1-2048x1152.jpg 2048w\" sizes=\"auto, (max-width: 1024px) 100vw, 1024px\" \/><\/figure>\n\n\n\n<figure class=\"wp-block-image size-large\"><img loading=\"lazy\" decoding=\"async\" width=\"1024\" height=\"576\" data-id=\"31\" src=\"https:\/\/la-maison-des-sables.com\/wp-content\/uploads\/2025\/04\/paysage2-1024x576.jpg\" alt=\"\" class=\"wp-image-31\" srcset=\"https:\/\/la-maison-des-sables.com\/wp-content\/uploads\/2025\/04\/paysage2-1024x576.jpg 1024w, https:\/\/la-maison-des-sables.com\/wp-content\/uploads\/2025\/04\/paysage2-300x169.jpg 300w, https:\/\/la-maison-des-sables.com\/wp-content\/uploads\/2025\/04\/paysage2-768x432.jpg 768w, https:\/\/la-maison-des-sables.com\/wp-content\/uploads\/2025\/04\/paysage2-1536x864.jpg 1536w, https:\/\/la-maison-des-sables.com\/wp-content\/uploads\/2025\/04\/paysage2-2048x1152.jpg 2048w\" sizes=\"auto, (max-width: 1024px) 100vw, 1024px\" \/><\/figure>\n\n\n\n<figure class=\"wp-block-image size-large\"><img loading=\"lazy\" decoding=\"async\" width=\"1024\" height=\"576\" data-id=\"27\" src=\"https:\/\/la-maison-des-sables.com\/wp-content\/uploads\/2025\/04\/paysage3-1024x576.jpg\" alt=\"\" class=\"wp-image-27\" srcset=\"https:\/\/la-maison-des-sables.com\/wp-content\/uploads\/2025\/04\/paysage3-1024x576.jpg 1024w, https:\/\/la-maison-des-sables.com\/wp-content\/uploads\/2025\/04\/paysage3-300x169.jpg 300w, https:\/\/la-maison-des-sables.com\/wp-content\/uploads\/2025\/04\/paysage3-768x432.jpg 768w, https:\/\/la-maison-des-sables.com\/wp-content\/uploads\/2025\/04\/paysage3-1536x864.jpg 1536w, https:\/\/la-maison-des-sables.com\/wp-content\/uploads\/2025\/04\/paysage3-2048x1152.jpg 2048w\" sizes=\"auto, (max-width: 1024px) 100vw, 1024px\" \/><\/figure>\n\n\n\n<figure class=\"wp-block-image size-large\"><img loading=\"lazy\" decoding=\"async\" width=\"1024\" height=\"576\" data-id=\"33\" src=\"https:\/\/la-maison-des-sables.com\/wp-content\/uploads\/2025\/04\/paysage4-1024x576.jpg\" alt=\"\" class=\"wp-image-33\" srcset=\"https:\/\/la-maison-des-sables.com\/wp-content\/uploads\/2025\/04\/paysage4-1024x576.jpg 1024w, https:\/\/la-maison-des-sables.com\/wp-content\/uploads\/2025\/04\/paysage4-300x169.jpg 300w, https:\/\/la-maison-des-sables.com\/wp-content\/uploads\/2025\/04\/paysage4-768x432.jpg 768w, https:\/\/la-maison-des-sables.com\/wp-content\/uploads\/2025\/04\/paysage4-1536x864.jpg 1536w, https:\/\/la-maison-des-sables.com\/wp-content\/uploads\/2025\/04\/paysage4-2048x1152.jpg 2048w\" sizes=\"auto, (max-width: 1024px) 100vw, 1024px\" \/><\/figure>\n\n\n\n<figure class=\"wp-block-image size-large\"><img loading=\"lazy\" decoding=\"async\" width=\"1024\" height=\"568\" data-id=\"29\" src=\"https:\/\/la-maison-des-sables.com\/wp-content\/uploads\/2025\/04\/11-plan-de-situation-1024x568.jpg\" alt=\"\" class=\"wp-image-29\" srcset=\"https:\/\/la-maison-des-sables.com\/wp-content\/uploads\/2025\/04\/11-plan-de-situation-1024x568.jpg 1024w, https:\/\/la-maison-des-sables.com\/wp-content\/uploads\/2025\/04\/11-plan-de-situation-300x166.jpg 300w, https:\/\/la-maison-des-sables.com\/wp-content\/uploads\/2025\/04\/11-plan-de-situation-768x426.jpg 768w, https:\/\/la-maison-des-sables.com\/wp-content\/uploads\/2025\/04\/11-plan-de-situation-1536x852.jpg 1536w, https:\/\/la-maison-des-sables.com\/wp-content\/uploads\/2025\/04\/11-plan-de-situation-2048x1136.jpg 2048w\" sizes=\"auto, (max-width: 1024px) 100vw, 1024px\" \/><\/figure>\n<\/figure>\n\n\n\n<p class=\"has-text-align-center\"><strong>La Maison<\/strong><\/p>\n\n\n\n<p>3 Chambres<\/p>\n\n\n\n<p>Nos chambres vous offrent un cadre raffin\u00e9 et apaisant, avec deux salles de bain, dont une dans la chambre parentale au 1er \u00e9tage, id\u00e9ale pour vous d\u00e9tendre.<\/p>\n\n\n\n<h3 class=\"wp-block-heading\">Cuisine<\/h3>\n\n\n\n<p>Cuisine am\u00e9nag\u00e9e avec four, four micro-ondes, r\u00e9frig\u00e9rateur, plaque de cuisson au gaz, hotte, lave-vaisselle, lave-linge, et machine \u00e0 caf\u00e9 Nespresso.<\/p>\n\n\n\n<h3 class=\"wp-block-heading\">Description<\/h3>\n\n\n\n<ul class=\"wp-block-list\">\n<li>1 chambre avec un lit de 140&#215;190<\/li>\n\n\n\n<li>1 chambre avec un lit de 160&#215;190, un lit b\u00e9b\u00e9 et une chaise b\u00e9b\u00e9<\/li>\n\n\n\n<li>1 chambre avec 2 lits superpos\u00e9s de 90&#215;190 (soit 4 couchages)<\/li>\n\n\n\n<li>1 pi\u00e8ce de vie avec cuisine am\u00e9ricaine \u00e9quip\u00e9e (lave-vaisselle, lave-linge, fours, cafeti\u00e8re, bouilloire, etc.)<\/li>\n\n\n\n<li>1 salon avec t\u00e9l\u00e9vision \u00e9cran plat, fauteuils et lit banquette pour 2 personnes, babyfoot<\/li>\n\n\n\n<li>2 salles de bain \u00e9quip\u00e9es avec douche<\/li>\n\n\n\n<li>3 toilettes<\/li>\n\n\n\n<li>Free Wifi (par la fibre)<\/li>\n<\/ul>\n\n\n\n<h3 class=\"wp-block-heading\">Les activit\u00e9s<\/h3>\n\n\n\n<p>Activit\u00e9s \u00e0 proximit\u00e9 : plages, sports nautiques, p\u00eache, promenades (la for\u00eat d&rsquo;Olonne et les marais : cano\u00eb, pistes cyclables, sentiers p\u00e9destres, club \u00e9questre, marais salants), Aquarium les 7 continents, zoo, thalasso, casinos.<\/p>\n\n\n\n<p>Un peu plus loin : Saint-Gilles-Croix-de-Vie (20 min), parc d&rsquo;attraction et Cin\u00e9sc\u00e9nie du Puy du Fou (45 min), \u00cele de Noirmoutier (1h15), La Rochelle et l&rsquo;\u00cele de R\u00e9 (1h15), \u00cele d&rsquo;Yeu (1h30), Futuroscope (2h).<\/p>\n<\/div>\n<\/div>\n\n\n\n<p><\/p>\n","protected":false},"excerpt":{"rendered":"<p>R\u00e9servez Votre S\u00e9jour d\u00e8s Aujourd&rsquo;hui<\/p>\n","protected":false},"author":1,"featured_media":0,"parent":0,"menu_order":0,"comment_status":"closed","ping_status":"closed","template":"","meta":{"footnotes":""},"class_list":["post-47","page","type-page","status-publish","hentry"],"_links":{"self":[{"href":"https:\/\/la-maison-des-sables.com\/index.php?rest_route=\/wp\/v2\/pages\/47","targetHints":{"allow":["GET"]}}],"collection":[{"href":"https:\/\/la-maison-des-sables.com\/index.php?rest_route=\/wp\/v2\/pages"}],"about":[{"href":"https:\/\/la-maison-des-sables.com\/index.php?rest_route=\/wp\/v2\/types\/page"}],"author":[{"embeddable":true,"href":"https:\/\/la-maison-des-sables.com\/index.php?rest_route=\/wp\/v2\/users\/1"}],"replies":[{"embeddable":true,"href":"https:\/\/la-maison-des-sables.com\/index.php?rest_route=%2Fwp%2Fv2%2Fcomments&post=47"}],"version-history":[{"count":5,"href":"https:\/\/la-maison-des-sables.com\/index.php?rest_route=\/wp\/v2\/pages\/47\/revisions"}],"predecessor-version":[{"id":60,"href":"https:\/\/la-maison-des-sables.com\/index.php?rest_route=\/wp\/v2\/pages\/47\/revisions\/60"}],"wp:attachment":[{"href":"https:\/\/la-maison-des-sables.com\/index.php?rest_route=%2Fwp%2Fv2%2Fmedia&parent=47"}],"curies":[{"name":"wp","href":"https:\/\/api.w.org\/{rel}","templated":true}]}}